{"id":3,"date":"2023-02-22T11:52:23","date_gmt":"2023-02-22T11:52:23","guid":{"rendered":"https:\/\/pemebla.com\/?page_id=3"},"modified":"2023-04-25T07:20:14","modified_gmt":"2023-04-25T07:20:14","slug":"politica-privacidad","status":"publish","type":"page","link":"https:\/\/pemebla.com\/?page_id=3","title":{"rendered":"Pol\u00edtica de privacidad"},"content":{"rendered":"<p><strong>1. Responsable del tratamiento.<\/strong><\/p>\n<p>PEMEBLA, S.L.<\/p>\n<p>Domicilio Social:\u00a0 Av. de la Industria, 16, B \u2013 28823 Coslada (Madrid).<\/p>\n<p>C.I.F.: B-53042388.<\/p>\n<p>Tel\u00e9fono de contacto: 916 699 078.<\/p>\n<p>Correo electr\u00f3nico: info@pemebla.com.<\/p>\n<p><strong>2. Protecci\u00f3n de datos de car\u00e1cter personal.<\/strong><\/p>\n<p>Al acceder y utilizar el Sitio Web estar\u00e1 consintiendo de forma expresa el tratamiento de sus datos con respecto a esta Pol\u00edtica de Privacidad, aunque lo hace de forma revocable y sin efectos retroactivos. Su acceso a este Sitio Web est\u00e1, por consiguiente, subordinado a esta pol\u00edtica, as\u00ed como toda la legislaci\u00f3n aplicable a la que se hace referencia en este apartado.<\/p>\n<p>Con car\u00e1cter general, queda absolutamente prohibido facilitar datos personales de los menores de 16 a\u00f1os sin el consentimiento de las personas que ejerzan la patria potestad o tutores legales.<\/p>\n<p><strong>2.1. \u00bfCon qu\u00e9 finalidad tratamos sus datos personales?<\/strong><\/p>\n<p>De conformidad con lo dispuesto en la normativa vigente, Reglamento (UE) 2016\/679, del Parlamento Europeo y del Consejo, de 27 de abril de 2016, relativo a la protecci\u00f3n de las personas f\u00edsicas en lo que respecta al tratamiento de datos personales y a la libre circulaci\u00f3n de estos datos (en adelante, \u201cRGPD\u201d) PEMEBLA, S.L. le informa que los datos personales que Vd. nos facilita, as\u00ed como aquellos otros que nos facilite durante la relaci\u00f3n negocial\/contractual, ser\u00e1n tratados con la finalidad de (i) realizar una correcta gesti\u00f3n de la relaci\u00f3n, as\u00ed como la gesti\u00f3n administrativa, econ\u00f3mica y comercial, (ii) atender sus consultas y solicitudes, (iii) realizar un control de calidad sobre nuestros productos y servicios, (iv) remitirle comunicaciones personales y obsequios dirigidos a nuestros clientes, (v) realizaci\u00f3n de encuestas de opini\u00f3n y fines estad\u00edsticos, (vi) para informarle peri\u00f3dicamente de eventos, novedades, promociones, productos y servicios por medios escritos, telef\u00f3nicos y\/oelectr\u00f3nicos, (vii) cumplimiento de normativas en materia de prevenci\u00f3n de blanqueo de capitales y financiaci\u00f3n del terrorismo.<\/p>\n<p>Con el fin de poder ofrecerle informaci\u00f3n adecuada a sus intereses, PEMEBLA, S.L. podr\u00e1 elaborar un perfil individualizado, basado en procedimientos automatizados sobre su comportamiento y preferencias, cuyo resultado tiene la finalidad de remitirle informaci\u00f3n comercial sobre productos y servicios relacionados con el sector de la automoci\u00f3n.<\/p>\n<p>Con car\u00e1cter general no se utilizar\u00e1n los datos recibidos para ninguna finalidad que no sea atender su solicitud, prestarle una atenci\u00f3n personalizada o enviarle informaci\u00f3n, en caso de aceptaci\u00f3n expresa, sobre productos o servicios de PEMEBLA, S.L.<\/p>\n<p><strong>2.2. Periodo de conservaci\u00f3n de sus datos.<\/strong><\/p>\n<p>Conservaremos su informaci\u00f3n personal por el periodo necesario para cumplir con los prop\u00f3sitos descritos en esta Pol\u00edtica de Privacidad, a menos que legalmente se permita o requiera un periodo de retenci\u00f3n m\u00e1s largo.<\/p>\n<p>Los datos personales proporcionados durante la relaci\u00f3n negocial se conservar\u00e1n durante los dos a\u00f1os siguientes a la fecha en que obtuvimos por \u00faltima vez su autorizaci\u00f3n, mientras se mantenga la misma, mientras no se oponga al tratamiento o no solicite su supresi\u00f3n.<\/p>\n<p>Los datos personales proporcionados durante la relaci\u00f3n contractual se conservar\u00e1n durante los diez a\u00f1os siguientes, para poder atender a posibles consultas o reclamaciones posteriores, en los plazos establecidos por la legislaci\u00f3n vinculante como en materia de garant\u00edas e impuestos, mientras se mantenga la misma, mientras no se oponga al tratamiento o no solicite su supresi\u00f3n.<\/p>\n<p><strong>2.3. Legitimaci\u00f3n.<\/strong><\/p>\n<p>El tratamiento de sus datos respecto a las finalidades anteriormente descritas est\u00e1 permitido por el RGPD de conformidad con las siguientes bases jur\u00eddicas:<\/p>\n<p>La base legal para atender la relaci\u00f3n negocial es la legitimaci\u00f3n por consentimiento expreso del Usuario. Usted ha autorizado, a trav\u00e9s de un formulario automatizado y\/o papel, su consentimiento expreso para el tratamiento de sus datos con determinadas finalidades. Usted puede revocar el consentimiento prestado en todo momento.<\/p>\n<p>La base legal para atender la relaci\u00f3n contractual es la legitimaci\u00f3n por ejecuci\u00f3n de un contrato suscrito con usted.<\/p>\n<p>Adem\u00e1s, en algunos casos ser\u00e1 necesario el tratamiento para el cumplimiento de las correspondientes obligaciones legales.<\/p>\n<p>Para poder atender y gestionar correctamente su solicitud, el interesado est\u00e1 obligado a facilitar los datos personales, de lo contrario no podremos atender su solicitud.<\/p>\n<p>El tratamiento posterior con fines comerciales se encuentra amparado en el consentimiento que le solicitamos en cada recogida de datos personales, sin que en ning\u00fan caso la retirada del consentimiento condicione la ejecuci\u00f3n de la relaci\u00f3n con PEMEBLA, S.L.<\/p>\n<p><strong> 2.4. Destinatarios.<\/strong><\/p>\n<p>En base al cumplimiento de las obligaciones legales establecidas, los destinatarios de los datos adem\u00e1s de PEMEBLA, S.L., lo ser\u00e1n aquellas otras entidades u organismos con competencias en la materia.<\/p>\n<p><strong>2.5. Transferencias internacionales.<\/strong><\/p>\n<p>Le informamos que sus datos no se comunicar\u00e1n a entidades fuera del Espacio Econ\u00f3mico Europeo sin su consentimiento expreso, salvo en los casos en que una norma imperativa permita dicha comunicaci\u00f3n, en tales casos le informaremos siempre que sea posible de las finalidades de dicha comunicaci\u00f3n.<\/p>\n<p><strong> 2.6. Confidencialidad.<\/strong><\/p>\n<p>PEMEBLA, S.L. se compromete a respetar su confidencialidad y a utilizar sus datos personales de acuerdo con la finalidad del fichero, as\u00ed como a dar cumplimiento a su obligaci\u00f3n de guardarlos y adaptar todas las medidas para evitar la alteraci\u00f3n, p\u00e9rdida, tratamiento o acceso no autorizado, de acuerdo con lo establecimiento en el RGPD.<\/p>\n<p><strong>2.7. Seguridad de sus datos personales.<\/strong><\/p>\n<p>Con el objetivo de salvaguardar la seguridad de sus datos personales, le informamos que hemos adoptado todas las medidas de \u00edndole t\u00e9cnica y organizativa necesarias para garantizar la seguridad de los datos personales suministrados de su alteraci\u00f3n, p\u00e9rdida, uso indebido, divulgaci\u00f3n, y tratamientos o accesos no autorizados, tal como exige la normativa de protecci\u00f3n de datos de car\u00e1cter personal. En este sentido, PEMEBLA, S.L. garantiza la custodia de los datos objeto de tratamiento, para lo cual adoptar\u00e1 las medidas pertinentes con tales fines, siempre de conformidad con el estado de la tecnolog\u00eda en cada momento.<\/p>\n<p>Nuestras medidas de seguridad son permanentemente actualizadas de acuerdo con el desarrollo tecnol\u00f3gico y obligaciones de la normativa en protecci\u00f3n de datos.<\/p>\n<p>En el caso de que usted facilite datos de un tercero, por ejemplo, para informar a un conocido de la publicaci\u00f3n de un anuncio, o para recomendarle el Sitio Web o un art\u00edculo publicado en el mismo, se le informa que ser\u00e1 responsable de haber obtenido el consentimiento de la persona y de los datos de esta que facilite a PEMEBLA, S.L. Adem\u00e1s, en caso de que tenga preguntas acerca del tratamiento de sus datos personales, puede dirigirse a PEMEBLA, S.L., en su calidad de Responsable del Tratamiento, quien est\u00e1 a su disposici\u00f3n en caso de que necesite informaci\u00f3n adicional, desee hacer sugerencias o plantear quejas.<\/p>\n<p>PEMEBLA, S.L. no se responsabiliza del tratamiento de sus datos personales de las p\u00e1ginas web que no est\u00e9n bajo el dominio de PEMEBLA, S.L., a las que pueda acceder a trav\u00e9s de los distintos links que contiene nuestro Sitio Web, ni de las medidas de seguridad adoptadas por cualquier otra p\u00e1gina Web que permita un v\u00ednculo con la nuestra.<\/p>\n<p><strong>2.8. \u00bfCu\u00e1les son sus derechos cuando nos facilita sus datos?<\/strong><\/p>\n<p>Usted tiene derecho a acceder a sus datos personales, as\u00ed como a solicitar la rectificaci\u00f3n de los datos inexactos o, en su caso, solicitar su supresi\u00f3n cuando, entre otros motivos, los datos ya no sean necesarios para los fines que fueron recogidos.<\/p>\n<p>En determinadas circunstancias, usted podr\u00e1 solicitar la limitaci\u00f3n del tratamiento de sus datos, en cuyo caso \u00fanicamente los conservaremos para el ejercicio o la defensa de reclamaciones.<\/p>\n<p>En determinadas circunstancias y por motivos relacionados con su situaci\u00f3n particular, usted podr\u00e1 oponerse al tratamiento de sus datos. PEMEBLA, S.L. dejar\u00e1 de tratar los datos, salvo por motivos leg\u00edtimos imperiosos, o el ejercicio o la defensa de posibles reclamaciones.<\/p>\n<p><strong>Derecho a la portabilidad de sus datos personales.<\/strong><\/p>\n<p>Derecho a presentar una reclamaci\u00f3n ante la Autoridad de control (Agencia Espa\u00f1ola de Protecci\u00f3n de Datos) si considera que el tratamiento no se ajusta al RGPD. Para ejercer los derechos, debe verificar su identidad mediante el env\u00edo de su DNI u otro documento acreditativo legal. El ejercicio por su parte de estos derechos est\u00e1 sujeto a determinadas excepciones por motivos de inter\u00e9s general, como la prevenci\u00f3n o detecci\u00f3n de delitos. Si usted ejerciera alguno de estos derechos, comprobaremos que est\u00e1 facultado realmente para ello, y le responderemos en el plazo m\u00e1ximo de un mes.<\/p>\n<p><strong>2.9. Social Plugins.<\/strong><\/p>\n<p>PEMEBLA, S.L. podr\u00e1 utilizar los denominados Social Plugins de redes sociales tales como Facebook, Twitter y Google+.<\/p>\n<p>Los Social Plugins de nuestro Sitio Web se encontrar\u00e1n desactivados por defecto, es decir, no se activar\u00e1n ni enviar\u00e1n datos a nuestras redes sociales sin que el usuario de la web los active. Por tanto, para poder utilizar los Social Plugins tiene que activarlos pulsando en ellos. La finalidad y objeto de la recogida de datos de las redes sociales, sus derechos y opciones disponibles para la protecci\u00f3n de sus datos personales, se describen en los avisos de protecci\u00f3n de datos de cada una de estas redes sociales.<\/p>\n<p><strong>2.10. Tratamiento de la direcci\u00f3n IP.<\/strong><\/p>\n<p>A efectos de seguridad t\u00e9cnica y diagn\u00f3stico de sistemas, de forma anonimizada o agregada, PEMEBLA, S.L. podr\u00e1 registrar la direcci\u00f3n IP (n\u00famero de identificaci\u00f3n del acceso a Internet del dispositivo, que permite a los dispositivos, sistemas y servidores reconocerse y comunicarse entre s\u00ed). Dicha informaci\u00f3n podr\u00e1 ser tambi\u00e9n empleada con finalidades anal\u00edticas de rendimiento web.<\/p>\n<p><strong>2.11. Preguntas<\/strong><\/p>\n<p>Si tiene alguna pregunta sobre esta pol\u00edtica de privacidad, rogamos que se ponga en contacto con nosotros enviando un email a info@pemebla.com.<\/p>\n<p><strong>2.12. Cambios<\/strong><\/p>\n<p>PEMEBLA S.L. se reserva el derecho de revisar su pol\u00edtica de privacidad en el momento que lo considere oportuno. Por esta raz\u00f3n, le rogamos que compruebe de forma regular esta declaraci\u00f3n de privacidad para leer la versi\u00f3n m\u00e1s reciente de la pol\u00edtica de privacidad de PEMEBLA S.L..<\/p>\n<p><strong>2.13. Condiciones particulares<\/strong><\/p>\n<p>El acceso a determinados Contenidos ofrecidos a trav\u00e9s de este Sitio Web puede encontrarse sometido a ciertas condiciones particulares propias que, seg\u00fan los casos, sustituyen, completan las modifican las condiciones generales. Por tanto, con anterioridad al acceso y\/o utilizaci\u00f3n de dichos Contenidos, el Usuario ha de leer atentamente tambi\u00e9n las correspondientes condiciones particulares.<\/p>\n<p>Las cl\u00e1usulas relativas a la protecci\u00f3n de datos de car\u00e1cter personal contenidas en las condiciones particulares que, en su caso hayan podido suscribir el Usuario y PEMEBLA S.L. prevalecer\u00e1n en todo caso sobre la presente Pol\u00edtica de Privacidad.<\/p>\n<p>&nbsp;<\/p>\n","protected":false},"excerpt":{"rendered":"<p>1. Responsable del tratamiento. PEMEBLA, S.L. Domicilio Social:\u00a0 Av. de la Industria, 16, B ? 28823 Coslada (Madrid). C.I.F.: B-53042388.&nbsp;<\/p>\n","protected":false},"author":1,"featured_media":0,"parent":0,"menu_order":0,"comment_status":"closed","ping_status":"open","template":"","meta":{"_acf_changed":false,"inline_featured_image":false,"footnotes":""},"class_list":["post-3","page","type-page","status-publish","hentry"],"acf":[],"yoast_head":"<!-- This site is optimized with the Yoast SEO plugin v27.5 - https:\/\/yoast.com\/product\/yoast-seo-wordpress\/ -->\n<title>Pol\u00edtica de privacidad - Pemebla<\/title>\n<meta name=\"robots\" content=\"noindex, follow\" \/>\n<meta property=\"og:locale\" content=\"es_ES\" \/>\n<meta property=\"og:type\" content=\"article\" \/>\n<meta property=\"og:title\" content=\"Pol\u00edtica de privacidad - Pemebla\" \/>\n<meta property=\"og:description\" content=\"\" \/>\n<meta property=\"og:url\" content=\"https:\/\/pemebla.com\/?page_id=3\" \/>\n<meta property=\"og:site_name\" content=\"Pemebla\" \/>\n<meta property=\"article:modified_time\" content=\"2023-04-25T07:20:14+00:00\" \/>\n<meta name=\"twitter:card\" content=\"summary_large_image\" \/>\n<meta name=\"twitter:label1\" content=\"Tiempo de lectura\" \/>\n\t<meta name=\"twitter:data1\" content=\"8 minutos\" \/>\n<script type=\"application\/ld+json\" class=\"yoast-schema-graph\">{\"@context\":\"https:\\\/\\\/schema.org\",\"@graph\":[{\"@type\":\"WebPage\",\"@id\":\"https:\\\/\\\/pemebla.com\\\/?page_id=3\",\"url\":\"https:\\\/\\\/pemebla.com\\\/?page_id=3\",\"name\":\"Pol\u00edtica de privacidad - Pemebla\",\"isPartOf\":{\"@id\":\"https:\\\/\\\/pemebla.com\\\/#website\"},\"datePublished\":\"2023-02-22T11:52:23+00:00\",\"dateModified\":\"2023-04-25T07:20:14+00:00\",\"inLanguage\":\"es\",\"potentialAction\":[{\"@type\":\"ReadAction\",\"target\":[\"https:\\\/\\\/pemebla.com\\\/?page_id=3\"]}]},{\"@type\":\"WebSite\",\"@id\":\"https:\\\/\\\/pemebla.com\\\/#website\",\"url\":\"https:\\\/\\\/pemebla.com\\\/\",\"name\":\"Pemebla\",\"description\":\"\",\"potentialAction\":[{\"@type\":\"SearchAction\",\"target\":{\"@type\":\"EntryPoint\",\"urlTemplate\":\"https:\\\/\\\/pemebla.com\\\/?s={search_term_string}\"},\"query-input\":{\"@type\":\"PropertyValueSpecification\",\"valueRequired\":true,\"valueName\":\"search_term_string\"}}],\"inLanguage\":\"es\"}]}<\/script>\n<!-- \/ Yoast SEO plugin. -->","yoast_head_json":{"title":"Pol\u00edtica de privacidad - Pemebla","robots":{"index":"noindex","follow":"follow"},"og_locale":"es_ES","og_type":"article","og_title":"Pol\u00edtica de privacidad - Pemebla","og_description":"1. Responsable del tratamiento. PEMEBLA, S.L. Domicilio Social:\u00a0 Av. de la Industria, 16, B ? 28823 Coslada (Madrid). C.I.F.: B-53042388.&nbsp;","og_url":"https:\/\/pemebla.com\/?page_id=3","og_site_name":"Pemebla","article_modified_time":"2023-04-25T07:20:14+00:00","twitter_card":"summary_large_image","twitter_misc":{"Tiempo de lectura":"8 minutos"},"schema":{"@context":"https:\/\/schema.org","@graph":[{"@type":"WebPage","@id":"https:\/\/pemebla.com\/?page_id=3","url":"https:\/\/pemebla.com\/?page_id=3","name":"Pol\u00edtica de privacidad - Pemebla","isPartOf":{"@id":"https:\/\/pemebla.com\/#website"},"datePublished":"2023-02-22T11:52:23+00:00","dateModified":"2023-04-25T07:20:14+00:00","inLanguage":"es","potentialAction":[{"@type":"ReadAction","target":["https:\/\/pemebla.com\/?page_id=3"]}]},{"@type":"WebSite","@id":"https:\/\/pemebla.com\/#website","url":"https:\/\/pemebla.com\/","name":"Pemebla","description":"","potentialAction":[{"@type":"SearchAction","target":{"@type":"EntryPoint","urlTemplate":"https:\/\/pemebla.com\/?s={search_term_string}"},"query-input":{"@type":"PropertyValueSpecification","valueRequired":true,"valueName":"search_term_string"}}],"inLanguage":"es"}]}},"_links":{"self":[{"href":"https:\/\/pemebla.com\/index.php?rest_route=\/wp\/v2\/pages\/3","targetHints":{"allow":["GET"]}}],"collection":[{"href":"https:\/\/pemebla.com\/index.php?rest_route=\/wp\/v2\/pages"}],"about":[{"href":"https:\/\/pemebla.com\/index.php?rest_route=\/wp\/v2\/types\/page"}],"author":[{"embeddable":true,"href":"https:\/\/pemebla.com\/index.php?rest_route=\/wp\/v2\/users\/1"}],"replies":[{"embeddable":true,"href":"https:\/\/pemebla.com\/index.php?rest_route=%2Fwp%2Fv2%2Fcomments&post=3"}],"version-history":[{"count":6,"href":"https:\/\/pemebla.com\/index.php?rest_route=\/wp\/v2\/pages\/3\/revisions"}],"predecessor-version":[{"id":520,"href":"https:\/\/pemebla.com\/index.php?rest_route=\/wp\/v2\/pages\/3\/revisions\/520"}],"wp:attachment":[{"href":"https:\/\/pemebla.com\/index.php?rest_route=%2Fwp%2Fv2%2Fmedia&parent=3"}],"curies":[{"name":"wp","href":"https:\/\/api.w.org\/{rel}","templated":true}]}}