{"id":521,"date":"2023-04-18T14:26:36","date_gmt":"2023-04-18T14:26:36","guid":{"rendered":"https:\/\/pemebla.com\/?page_id=521"},"modified":"2023-04-25T07:17:17","modified_gmt":"2023-04-25T07:17:17","slug":"aviso-legal","status":"publish","type":"page","link":"https:\/\/pemebla.com\/?page_id=521","title":{"rendered":"Aviso Legal"},"content":{"rendered":"<p><strong>CONDICIONES GENERALES DEL SITIO WEB<\/strong><\/p>\n<p><strong>1. Objeto.<\/strong><\/p>\n<p>El presente documento tiene por objeto establecer las Condiciones Generales de Uso de este sitio o p\u00e1gina web, en adelante \u201cSitio Web\u201d.<\/p>\n<p>PEMEBLA, S.L. se reserva el derecho a modificar las presentes Condiciones Generales de Uso con el objeto de adecuarlas a la legislaci\u00f3n vigente aplicable en cada momento, las novedades jurisprudenciales y las pr\u00e1cticas habituales de mercado. Asimismo, PEMEBLA, S.L. se reserva la facultad de realizar, en cualquier momento y sin necesidad de preaviso, cualquier modificaci\u00f3n o actualizaci\u00f3n de sus contenidos y servicios, de las presentes Condiciones Generales de Uso y, en general, de cuantos elementos integran el dise\u00f1o y configuraci\u00f3n del Sitio Web.<\/p>\n<p>Las presentes Condiciones Generales de Uso no excluyen la posibilidad de que determinados servicios del Sitio Web, por sus caracter\u00edsticas particulares, sean sometidos, adem\u00e1s de a las Condiciones Generales de Uso, a sus propias condiciones particulares (en adelante, las \u201cCondiciones Particulares\u201d).<\/p>\n<p>La utilizaci\u00f3n por parte del Usuario de cualquiera de los servicios del Sitio Web supone su adhesi\u00f3n y aceptaci\u00f3n expresa a todas las Condiciones Generales de Uso, as\u00ed como a las Condiciones Particulares que, en su caso, sean de aplicaci\u00f3n.<\/p>\n<p><strong>2. Titularidad del sitio Web.<\/strong><\/p>\n<p>Este Sitio Web es titularidad de PEMEBLA, S.L., con domicilio social en la Av. de la Industria, 16, B \u2013 28823 Coslada (Madrid) y CIF B-53042388. Se encuentra inscrita en el Registro Mercantil de Madrid, Folio 122, Tomo 12326, Hoja M-195658, Inscripci\u00f3n 2\u00aa.<\/p>\n<p>Para cualquier informaci\u00f3n adicional, podr\u00e1n dirigirse al Tel\u00e9fono 916 699 078, o bien al correo electr\u00f3nico: info@pemebla.com.<\/p>\n<p><strong>3. Condiciones de acceso y utilizaci\u00f3n del sitio Web.<\/strong><\/p>\n<p>3.1. Usuarios.<\/p>\n<p>El acceso y\/o uso al Sitio Web de PEMEBLA, S.L. atribuye la condici\u00f3n de \u201cUsuario\u201d, que acepta, desde dicho acceso y\/o uso, las Condiciones Generales de Uso aqu\u00ed reflejadas. Las citadas Condiciones ser\u00e1n de aplicaci\u00f3n independientemente de las Condiciones Particulares que en su caso resulten de obligado cumplimiento cuando se adquiera el producto o servicio solicitado.<\/p>\n<p>3.2. Necesidad de Registro.<\/p>\n<p>Con car\u00e1cter general para el acceso a los contenidos y servicios del Sitio Web no ser\u00e1 necesario el Registro del Usuario. No obstante, la utilizaci\u00f3n de determinados contenidos y servicios (cat\u00e1logos, comercio electr\u00f3nico) est\u00e1 condicionada al registro previo. Este registro se efectuar\u00e1 en la forma expresamente se\u00f1alada en el propio servicio o en las Condiciones Particulares que le sean de aplicaci\u00f3n.<\/p>\n<p>Cuando sea necesario que el Usuario se registre o aporte datos personales para poder acceder a alguno de los servicios espec\u00edficos, la recogida, el tratamiento y, en su caso, la cesi\u00f3n o el acceso de los datos personales de los Usuarios ser\u00e1 de aplicaci\u00f3n lo dispuesto en la Pol\u00edtica de Privacidad.<\/p>\n<p>3.3. Claves de acceso.<\/p>\n<p>Para aquellos contenidos cuyo acceso requiera un registro previo seg\u00fan las condiciones citadas en el punto anterior, ser\u00e1n necesarios un C\u00f3digo de Usuario y una contrase\u00f1a. Estos ser\u00e1n asignados por PEMEBLA S.L. y comunicados al Usuario. El Usuario no podr\u00e1 introducir en ning\u00fan campo de su perfil de Usuario palabras, expresiones o conjuntos gr\u00e1fico-denominativos malsonantes, injuriosos, coincidentes con marcas, nombres comerciales, r\u00f3tulos de establecimientos, denominaciones sociales, expresiones publicitarias, nombres y seud\u00f3nimos de personajes de relevancia p\u00fablica o famosos para cuya utilizaci\u00f3n no est\u00e9 autorizado y, en general, contrarios a la ley, moral y orden p\u00fablico. PEMEBLA S.L. se reserva el derecho a eliminar o suspender cualquier C\u00f3digo de Usuario que re\u00fana alguna de las caracter\u00edsticas anteriormente mencionadas.<\/p>\n<p>El Usuario se compromete a hacer un uso l\u00edcito y diligente de las Claves de Acceso, as\u00ed como a no poner a disposici\u00f3n de terceros sus Claves de Acceso. El Usuario se compromete a comunicar a PEMEBLA S.L. a la mayor brevedad, la p\u00e9rdida o robo de las Claves de Acceso as\u00ed como cualquier riesgo de acceso a las mismas por un tercero. Las Claves de Acceso solamente podr\u00e1n ser utilizadas por los Usuarios a los que se les haya asignado. PEMEBLA S.L. queda exonerado de cualquier tipo de responsabilidad que se pueda devengar por los da\u00f1os y perjuicios causados o sufridos por el uso fraudulento o falta de diligencia en la guarda y custodia de las Claves de Acceso, p\u00e9rdida o uso contraviniendo lo dispuesto en estas Condiciones Generales.<\/p>\n<p>3.4. Obligaciones del Usuario.<\/p>\n<p>El Usuario reconoce y acepta que el uso de los contenidos y\/o servicios ofrecidos por PEMEBLA, S.L. ser\u00e1 bajo su exclusivo riesgo y\/o responsabilidad.<\/p>\n<p>Con car\u00e1cter general el Usuario se obliga al cumplimiento de las presentes Condiciones Generales de Uso y en su caso las Condiciones Particulares que fueran de aplicaci\u00f3n, as\u00ed como cumplir las especiales advertencias o instrucciones de uso contenidas en las mismas o en el Sitio Web y obrar siempre conforme a la ley, a las buenas costumbres y a las exigencias de la buena fe, empleando la diligencia adecuada a la naturaleza del servicio del que disfruta, absteni\u00e9ndose de utilizar el Sitio Web de cualquier forma que pueda impedir, da\u00f1ar o deteriorar el normal funcionamiento del mismo, los bienes o derechos de PEMEBLA, S.L., sus proveedores, el resto de Usuarios o en general de cualquier tercero.<\/p>\n<p>Para acceder a la informaci\u00f3n contenida en el Sitio Web y hacer uso de los productos y\/o servicios ofrecidos, los menores de edad deben obtener previamente permiso de sus padres, tutores o representantes legales, los cuales ser\u00e1n considerados responsables de los actos que lleven a cabo los menores a su cargo, conforme a la normativa vigente.<\/p>\n<p>PEMEBLA, S.L. se reserva el derecho de retirar todos aquellos comentarios y aportaciones que vulneren el respeto a la dignidad de la persona, que sean discriminatorios, xen\u00f3fobos, racistas, pornogr\u00e1ficos, que atenten contra la juventud o la infancia, el orden o la seguridad p\u00fablica o que, a su juicio, no resultaran adecuados para su publicaci\u00f3n.<\/p>\n<p>En cualquier caso, PEMEBLA, S.L. no ser\u00e1 responsable de las opiniones vertidas por los Usuarios a trav\u00e9s de aplicaciones de comunicaci\u00f3n u otras herramientas de participaci\u00f3n.<\/p>\n<p><strong>4. Propiedad intelectual e industrial.<\/strong><\/p>\n<p>Todos los derechos de propiedad intelectual del dominio del Sitio Web as\u00ed como de sus contenidos (datos, textos, informaciones, logos, im\u00e1genes, sonidos, videos, dise\u00f1os, iconos, botones, software, nombres comerciales, dibujos, gr\u00e1ficos, v\u00ednculos) pertenecen, bien a PEMEBLA, S.L., , o bien a empresas con las que haya firmado el correspondiente contrato para la provisi\u00f3n y cesi\u00f3n de los contenidos reflejados en el Sitio Web, por lo que ning\u00fan Usuario est\u00e1 autorizado a hacer uso de ellos, ni imprimirlos ni almacenarlos bajo ning\u00fan soporte f\u00edsico en ning\u00fan caso que no sea el de su utilizaci\u00f3n personal y privada.<\/p>\n<p>Tan s\u00f3lo se autoriza la utilizaci\u00f3n del Sitio Web con fines informativos y de servicio, siempre que se cite o se haga referencia a la fuente, siendo el Usuario, el \u00fanico responsable del mal uso de estos.<\/p>\n<p>Los datos, textos, informaciones, gr\u00e1ficos o v\u00ednculos publicados en el Sitio Web son recopilados con efectos meramente informativos para todas aquellas personas interesadas en los mismos sin que, su acceso, genere relaci\u00f3n comercial, contractual o profesional entre los Usuarios y PEMEBLA, S.L.<\/p>\n<p>En ning\u00fan caso se entender\u00e1 que se concede licencia alguna o se efect\u00faa renuncia, transmisi\u00f3n, cesi\u00f3n total o parcial de dichos derechos ni se confiere ning\u00fan derecho ni expectativa de derecho, y en especial, de alteraci\u00f3n, explotaci\u00f3n, reproducci\u00f3n, distribuci\u00f3n o comunicaci\u00f3n p\u00fablica sobre dichos contenidos sin la previa autorizaci\u00f3n expresa de PEMEBLA, S.L. o de los terceros titulares correspondientes. No se podr\u00e1 establecer ning\u00fan v\u00ednculo al Sitio Web desde cualquier otra web sin el previo y expreso consentimiento de PEMEBLA, S.L. y\/o de los terceros afectados.<\/p>\n<p>Estas conductas podr\u00e1n dar lugar al ejercicio de cuantas acciones judiciales o extrajudiciales le pudieran corresponder a PEMEBLA, S.L. en el ejercicio de sus derechos y\/o los terceros afectados.<\/p>\n<p><strong>5. Marcas comerciales y registrales.<\/strong><\/p>\n<p>Salvo indicaci\u00f3n contraria, todas las Marcas de los veh\u00edculos exhibidas en el Sitio Web est\u00e1n amparadas por los derechos de la propia Marca, incluyendo todas las placas identificativas de modelo, logotipos y emblemas corporativos, cuyos derechos de Marca pertenecen a las mismas.<\/p>\n<p>PEMEBLA, S.L. y todas las denominaciones que incluyan el t\u00e9rmino PEMEBLA, S.L. son marcas registradas, y est\u00e1 prohibida su reproducci\u00f3n, imitaci\u00f3n, utilizaci\u00f3n o inserci\u00f3n de estas marcas sin nuestra debida autorizaci\u00f3n.<\/p>\n<p><strong>6. Links.<\/strong><\/p>\n<p>En este Sitio Web encontrar\u00e1 enlaces o hiperv\u00ednculos a otros sitios web. Queremos llamar su atenci\u00f3n sobre el hecho de que PEMEBLA, S.L. no tiene ninguna influencia ni control sobre los contenidos y dise\u00f1o de estos y, por lo tanto, no se hace responsable de la actualizaci\u00f3n y\/o calidad de la informaci\u00f3n proporcionada en los mismos. Igualmente, la inclusi\u00f3n de estas conexiones externas no implicar\u00e1 ning\u00fan tipo de asociaci\u00f3n, fusi\u00f3n o participaci\u00f3n con las entidades conectadas.<\/p>\n<p><strong>7. Exclusi\u00f3n de garant\u00edas y responsabilidad.<\/strong><\/p>\n<p>7.1. Disponibilidad y Continuidad del Sitio Web.<\/p>\n<p>PEMEBLA, S.L. no garantiza el correcto funcionamiento respecto a la disponibilidad y continuidad de nuestro Sitio Web. En consecuencia, PEMEBLA, S.L. queda eximida de cualquier responsabilidad derivada del incorrecto funcionamiento o interrupciones.<\/p>\n<p>El Usuario tiene prohibido cualquier tipo de acci\u00f3n sobre nuestro Sitio Web que origine una excesiva sobrecarga de funcionamiento a nuestros sistemas inform\u00e1ticos, as\u00ed como la introducci\u00f3n de virus, o instalaci\u00f3n de robots, o software que altere el normal funcionamiento de nuestro Sitio Web.<\/p>\n<p>PEMEBLA, S.L. no se hace responsable, con los l\u00edmites establecidos en la legislaci\u00f3n vigente, de los da\u00f1os y perjuicios de cualquier naturaleza que se pudieran ocasionar como consecuencia de la indisponibilidad, fallos de acceso y falta de continuidad del Sitio Web.<\/p>\n<p>7.2. Contenidos y Servicios de PEMEBLA, S.L.<\/p>\n<p>PEMEBLA, S.L. responder\u00e1 \u00fanica y exclusivamente de los servicios que preste por s\u00ed misma y de los contenidos directamente originados por PEMEBLA, S.L. Dicha responsabilidad quedar\u00e1 excluida en los casos en que concurran causas de fuerza mayor o en los supuestos en que la configuraci\u00f3n de los equipos del Usuario no sea la adecuada para permitir el correcto uso de los servicios de Internet prestados por PEMEBLA, S.L.<\/p>\n<p>7.3. Contenidos y Servicios de terceros.<\/p>\n<p>PEMEBLA, S.L. no controla previamente, aprueba ni hace propios los contenidos, servicios, opiniones, comunicaciones, datos, archivos, productos y cualquier clase de informaci\u00f3n de terceros, personas jur\u00eddicas o f\u00edsicas, recogidos en el Sitio Web. De igual forma, no garantiza la licitud, fiabilidad, utilidad, veracidad, exactitud, exhaustividad y actualidad de los contenidos, informaciones y Servicios de terceros en el Sitio Web.<\/p>\n<p>PEMEBLA, S.L. no ser\u00e1 responsable, ni indirecta ni subsidiariamente, de los da\u00f1os y perjuicios de cualquier naturaleza derivados de la utilizaci\u00f3n y contrataci\u00f3n de los contenidos y de los servicios de terceros en el Sitio Web, as\u00ed como de la falta de licitud, fiabilidad, utilidad, veracidad, exactitud, exhaustividad y actualidad de estos.<\/p>\n<p>PEMEBLA, S.L. no ser\u00e1 responsable, ni indirecta ni subsidiariamente, de los da\u00f1os y perjuicios de cualquier naturaleza causados al Usuario como consecuencia de la presencia de virus u otros elementos en los contenidos y servicios prestados por terceros que puedan producir alteraciones en el sistema inform\u00e1tico, documentos electr\u00f3nicos o ficheros de los usuarios.<\/p>\n<p>La exoneraci\u00f3n de responsabilidad se\u00f1alada en los p\u00e1rrafos anteriores ser\u00e1 de aplicaci\u00f3n en el caso de que PEMEBLA, S.L. no tenga conocimiento efectivo de que la actividad o la informaci\u00f3n almacenada es il\u00edcita o de que lesiona bienes o derechos de un tercero susceptibles de indemnizaci\u00f3n, o si la tuviesen act\u00faen con diligencia para retirar los datos y contenidos o hacer imposible el acceso a ellos.<\/p>\n<p>7.4. Conducta de los Usuarios.<\/p>\n<p>PEMEBLA, S.L. no garantiza que los Usuarios del Sitio Web utilicen los contenidos y\/o servicios de este de conformidad con la ley, la moral, el orden p\u00fablico, ni las presentes Condiciones Generales de Uso y, en su caso, las Condiciones Particulares que resulten de aplicaci\u00f3n. Asimismo, no garantiza la veracidad y exactitud, exhaustividad y\/o autenticidad de los datos proporcionados por los Usuarios.<\/p>\n<p>PEMEBLA, S.L. no ser\u00e1 responsable, indirecta ni subsidiariamente, de los da\u00f1os y perjuicios de cualquier naturaleza derivados de la utilizaci\u00f3n de los servicios y contenidos del Sitio Web por parte de los Usuarios o que puedan derivarse de la falta de veracidad, exactitud y\/o autenticidad de los datos o informaciones proporcionadas por los Usuarios, o de la suplantaci\u00f3n de la identidad de un tercero efectuada por un Usuario en cualquier clase de actuaci\u00f3n a trav\u00e9s del Sitio Web.<\/p>\n<p>El Usuario reconoce que ha entendido toda la informaci\u00f3n respecto a las condiciones de uso de nuestro Sitio Web, y reconoce que son suficientes para la exclusi\u00f3n del error en las mismas, y, por lo tanto, las acepta \u00edntegra y expresamente.<\/p>\n<p><strong>8. Contrataci\u00f3n con terceros a trav\u00e9s del sitio Web.<\/strong><\/p>\n<p>El Usuario reconoce y acepta que cualquier relaci\u00f3n contractual o extracontractual que, en su caso, formalice con los anunciantes o terceras personas contactadas a trav\u00e9s del Sitio Web, as\u00ed como su participaci\u00f3n en concursos, promociones, compraventa de bienes o servicios, se entienden realizados \u00fanica y exclusivamente entre el Usuario y el anunciante y\/o tercera persona. En consecuencia, el Usuario acepta que PEMEBLA, S.L., no tiene ning\u00fan tipo de responsabilidad sobre los da\u00f1os o perjuicios de cualquier naturaleza ocasionados con motivo de sus negociaciones, conversaciones y\/o relaciones contractuales o extracontractuales con los anunciantes o terceras personas f\u00edsicas o jur\u00eddicas contactadas a trav\u00e9s del Sitio Web.<\/p>\n<p><strong>9. Dispositivos t\u00e9cnicos de enlace.<\/strong><\/p>\n<p>El Sitio Web pone a disposici\u00f3n del Usuario dispositivos t\u00e9cnicos de enlace y herramientas de b\u00fasqueda que permiten al Usuario el acceso a websites titularidad de otras entidades (enlaces).<\/p>\n<p>El Usuario reconoce y acepta que la utilizaci\u00f3n de los servicios y contenidos de las websites enlazadas ser\u00e1 bajo su exclusivo riesgo y responsabilidad y exonera a PEMEBLA, S.L. de cualquier responsabilidad sobre disponibilidad t\u00e9cnica de las websites enlazadas, la calidad, fiabilidad exactitud y\/o veracidad de los servicios, informaciones, elementos y\/o contenidos a los que el Usuario pueda acceder en las mismas y en los directorios de b\u00fasqueda incluidos en el Sitio Web.<\/p>\n<p>PEMEBLA, S.L. no ser\u00e1 responsable indirecta ni subsidiariamente de los da\u00f1os y perjuicios de cualquier naturaleza derivados de: a) el funcionamiento, indisponibilidad, inaccesibilidad y la ausencia de continuidad de las websites enlazadas y\/o los directorios de b\u00fasqueda disponibles; b) la falta de mantenimiento y actualizaci\u00f3n de los contenidos y servicios contenidos en las websites enlazadas; c) la falta de calidad, inexactitud, ilicitud, inutilidad de los contenidos y servicios de las websites enlazadas.<\/p>\n<p>La exoneraci\u00f3n de responsabilidad se\u00f1alada en los p\u00e1rrafos anteriores ser\u00e1 de aplicaci\u00f3n en el caso de que PEMEBLA, S.L., no tenga conocimiento efectivo de que la actividad o la informaci\u00f3n a la que remite es il\u00edcita o de que lesiona bienes o derechos de un tercero susceptibles de indemnizaci\u00f3n o, si la tuviese, act\u00fae con diligencia para retirar los datos y contenidos o hacer imposible el acceso a ellos.<\/p>\n<p><strong>10. Derecho de exclusi\u00f3n.<\/strong><\/p>\n<p>Sin perjuicio de la responsabilidad por da\u00f1os y perjuicios que se pudiera derivar, PEMEBLA, S.L. se reserva el derecho a denegar o retirar el acceso a su Sitio Web y\/o los servicios y\/o productos ofrecidos sin necesidad de preaviso, a instancia propia o de un tercero, a aquellos Usuarios que incumplan las presentes Condiciones Generales de Uso y\/o las Condiciones Particulares que, en su caso, resulten de aplicaci\u00f3n.<\/p>\n<p><strong>11. Duraci\u00f3n y terminaci\u00f3n.<\/strong><\/p>\n<p>La prestaci\u00f3n de los servicios y\/o contenidos del Sitio Web tiene una duraci\u00f3n indefinida. Sin perjuicio de lo anterior, PEMEBLA, S.L. est\u00e1 facultada para dar por terminada, suspender o interrumpir unilateralmente, en cualquier momento y sin necesidad de preaviso, la prestaci\u00f3n del servicio y del Sitio Web y\/o de cualquiera de los servicios, sin perjuicio de lo que se hubiera dispuesto al respecto en las correspondientes Condiciones Particulares.<\/p>\n<p><strong>12. Legislaci\u00f3n aplicable y jurisprudencia.<\/strong><\/p>\n<p>PEMEBLA, S.L. har\u00e1 uso de las acciones civiles o penales que por ley corresponda, ante cualquier utilizaci\u00f3n indebida de su dominio del Sitio Web. La relaci\u00f3n entre PEMEBLA, S.L. y el Usuario se regir\u00e1 por la normativa espa\u00f1ola vigente y se somete a los juzgados y tribunales espa\u00f1oles competentes.<\/p>\n","protected":false},"excerpt":{"rendered":"<p>CONDICIONES GENERALES DEL SITIO WEB 1. Objeto. El presente documento tiene por objeto establecer las Condiciones Generales de Uso de&nbsp;<\/p>\n","protected":false},"author":1,"featured_media":0,"parent":0,"menu_order":0,"comment_status":"closed","ping_status":"closed","template":"","meta":{"_acf_changed":false,"inline_featured_image":false,"footnotes":""},"class_list":["post-521","page","type-page","status-publish","hentry"],"acf":[],"yoast_head":"<!-- This site is optimized with the Yoast SEO plugin v27.5 - https:\/\/yoast.com\/product\/yoast-seo-wordpress\/ -->\n<title>Aviso Legal - Pemebla<\/title>\n<meta name=\"robots\" content=\"noindex, follow\" \/>\n<meta property=\"og:locale\" content=\"es_ES\" \/>\n<meta property=\"og:type\" content=\"article\" \/>\n<meta property=\"og:title\" content=\"Aviso Legal - Pemebla\" \/>\n<meta property=\"og:description\" content=\"CONDICIONES GENERALES DEL SITIO WEB 1. Objeto. El presente documento tiene por objeto establecer las Condiciones Generales de Uso de&nbsp;\" \/>\n<meta property=\"og:url\" content=\"https:\/\/pemebla.com\/?page_id=521\" \/>\n<meta property=\"og:site_name\" content=\"Pemebla\" \/>\n<meta property=\"article:modified_time\" content=\"2023-04-25T07:17:17+00:00\" \/>\n<meta name=\"twitter:card\" content=\"summary_large_image\" \/>\n<meta name=\"twitter:label1\" content=\"Tiempo de lectura\" \/>\n\t<meta name=\"twitter:data1\" content=\"12 minutos\" \/>\n<script type=\"application\/ld+json\" class=\"yoast-schema-graph\">{\"@context\":\"https:\\\/\\\/schema.org\",\"@graph\":[{\"@type\":\"WebPage\",\"@id\":\"https:\\\/\\\/pemebla.com\\\/?page_id=521\",\"url\":\"https:\\\/\\\/pemebla.com\\\/?page_id=521\",\"name\":\"Aviso Legal - Pemebla\",\"isPartOf\":{\"@id\":\"https:\\\/\\\/pemebla.com\\\/#website\"},\"datePublished\":\"2023-04-18T14:26:36+00:00\",\"dateModified\":\"2023-04-25T07:17:17+00:00\",\"inLanguage\":\"es\",\"potentialAction\":[{\"@type\":\"ReadAction\",\"target\":[\"https:\\\/\\\/pemebla.com\\\/?page_id=521\"]}]},{\"@type\":\"WebSite\",\"@id\":\"https:\\\/\\\/pemebla.com\\\/#website\",\"url\":\"https:\\\/\\\/pemebla.com\\\/\",\"name\":\"Pemebla\",\"description\":\"\",\"potentialAction\":[{\"@type\":\"SearchAction\",\"target\":{\"@type\":\"EntryPoint\",\"urlTemplate\":\"https:\\\/\\\/pemebla.com\\\/?s={search_term_string}\"},\"query-input\":{\"@type\":\"PropertyValueSpecification\",\"valueRequired\":true,\"valueName\":\"search_term_string\"}}],\"inLanguage\":\"es\"}]}<\/script>\n<!-- \/ Yoast SEO plugin. -->","yoast_head_json":{"title":"Aviso Legal - Pemebla","robots":{"index":"noindex","follow":"follow"},"og_locale":"es_ES","og_type":"article","og_title":"Aviso Legal - Pemebla","og_description":"CONDICIONES GENERALES DEL SITIO WEB 1. Objeto. El presente documento tiene por objeto establecer las Condiciones Generales de Uso de&nbsp;","og_url":"https:\/\/pemebla.com\/?page_id=521","og_site_name":"Pemebla","article_modified_time":"2023-04-25T07:17:17+00:00","twitter_card":"summary_large_image","twitter_misc":{"Tiempo de lectura":"12 minutos"},"schema":{"@context":"https:\/\/schema.org","@graph":[{"@type":"WebPage","@id":"https:\/\/pemebla.com\/?page_id=521","url":"https:\/\/pemebla.com\/?page_id=521","name":"Aviso Legal - Pemebla","isPartOf":{"@id":"https:\/\/pemebla.com\/#website"},"datePublished":"2023-04-18T14:26:36+00:00","dateModified":"2023-04-25T07:17:17+00:00","inLanguage":"es","potentialAction":[{"@type":"ReadAction","target":["https:\/\/pemebla.com\/?page_id=521"]}]},{"@type":"WebSite","@id":"https:\/\/pemebla.com\/#website","url":"https:\/\/pemebla.com\/","name":"Pemebla","description":"","potentialAction":[{"@type":"SearchAction","target":{"@type":"EntryPoint","urlTemplate":"https:\/\/pemebla.com\/?s={search_term_string}"},"query-input":{"@type":"PropertyValueSpecification","valueRequired":true,"valueName":"search_term_string"}}],"inLanguage":"es"}]}},"_links":{"self":[{"href":"https:\/\/pemebla.com\/index.php?rest_route=\/wp\/v2\/pages\/521","targetHints":{"allow":["GET"]}}],"collection":[{"href":"https:\/\/pemebla.com\/index.php?rest_route=\/wp\/v2\/pages"}],"about":[{"href":"https:\/\/pemebla.com\/index.php?rest_route=\/wp\/v2\/types\/page"}],"author":[{"embeddable":true,"href":"https:\/\/pemebla.com\/index.php?rest_route=\/wp\/v2\/users\/1"}],"replies":[{"embeddable":true,"href":"https:\/\/pemebla.com\/index.php?rest_route=%2Fwp%2Fv2%2Fcomments&post=521"}],"version-history":[{"count":2,"href":"https:\/\/pemebla.com\/index.php?rest_route=\/wp\/v2\/pages\/521\/revisions"}],"predecessor-version":[{"id":523,"href":"https:\/\/pemebla.com\/index.php?rest_route=\/wp\/v2\/pages\/521\/revisions\/523"}],"wp:attachment":[{"href":"https:\/\/pemebla.com\/index.php?rest_route=%2Fwp%2Fv2%2Fmedia&parent=521"}],"curies":[{"name":"wp","href":"https:\/\/api.w.org\/{rel}","templated":true}]}}