{"id":524,"date":"2023-04-18T14:28:55","date_gmt":"2023-04-18T14:28:55","guid":{"rendered":"https:\/\/pemebla.com\/?page_id=524"},"modified":"2024-02-28T09:00:30","modified_gmt":"2024-02-28T09:00:30","slug":"politica-de-cookies","status":"publish","type":"page","link":"https:\/\/pemebla.com\/?page_id=524","title":{"rendered":"Pol\u00edtica de cookies"},"content":{"rendered":"<p><strong>\u00bfQu\u00e9 son las cookies?<\/strong><\/p>\n<p>Las cookies son un fichero que se descarga en su ordenador al acceder a determinadas p\u00e1ginas web. Permiten a una p\u00e1gina web, entre otras cosas, almacenar y recuperar informaci\u00f3n sobre los h\u00e1bitos de navegaci\u00f3n de un usuario o de su equipo y, dependiendo de la informaci\u00f3n que contengan y de la forma en que utilice su equipo, pueden utilizarse para reconocer al usuario.<\/p>\n<p>PEMEBLA, S.L. hace uso de cookies en su web. Utilizamos la informaci\u00f3n que nos facilitan las cookies para dise\u00f1ar mejor los servicios e informaci\u00f3n que ofrecemos pudiendo utilizarla con otros prop\u00f3sitos, como recopilar informaci\u00f3n (incluida su direcci\u00f3n de IP), registrar sus visitas o estudiar pautas de tr\u00e1fico en nuestra web, de forma que sus visitas sean a\u00fan m\u00e1s gratificantes, y para estudiar la eficacia de nuestra comunicaci\u00f3n con los usuarios.<\/p>\n<p>Si no desea que PEMEBLA, S.L. despliegue cookies en su navegador, puede configurar el mismo para que las rechace.<\/p>\n<p>Su deshabilitaci\u00f3n podr\u00eda ocasionar peque\u00f1os problemas de navegaci\u00f3n para los usuarios de este Sitio Web, por ello para una \u00f3ptima experiencia de navegaci\u00f3n y uso del sitio se recomienda aceptar estos elementos, para lo cual no es necesaria ninguna acci\u00f3n por parte del usuario.<\/p>\n<p>Los tipos de cookies que utiliza esta p\u00e1gina web son las siguientes:<\/p>\n<p><strong>Cookies de an\u00e1lisis.<\/strong><\/p>\n<p>Son aquellas que permiten al responsable de estas, el seguimiento y an\u00e1lisis del comportamiento de los usuarios de los sitios web a los que est\u00e1n vinculadas. La informaci\u00f3n recogida mediante este tipo de cookies se utiliza en la medici\u00f3n de la actividad de los sitios web, aplicaci\u00f3n o plataforma y para la elaboraci\u00f3n de perfiles de navegaci\u00f3n de los usuarios de dichos sitios, aplicaciones y plataformas, con el fin de introducir mejoras en funci\u00f3n del an\u00e1lisis de los datos de uso que hacen los usuarios del servicio.<\/p>\n<p>La aplicaci\u00f3n que utilizamos para obtener y analizar la informaci\u00f3n de la navegaci\u00f3n es Google Analytics: <a href=\"http:\/\/www.google.com\/analytics\/\">http:\/\/www.google.com\/analytics\/<\/a>. Puede ver m\u00e1s informaci\u00f3n sobre la pol\u00edtica de privacidad de Google Analytics en: <a href=\"http:\/\/www.google.com\/intl\/es_ALL\/privacypolicy.html\">http:\/\/www.google.com\/intl\/es_ALL\/privacypolicy.html<\/a>.<\/p>\n<p>Esta aplicaci\u00f3n ha sido desarrollada por Google, que nos presta el servicio de an\u00e1lisis de la audiencia de nuestra p\u00e1gina. Google puede utilizar estos datos para mejorar sus propios servicios y para ofrecer servicios a otras empresas. Puede conocer esos otros usos desde los enlaces indicados.<\/p>\n<p>Esta herramienta no obtiene datos de los nombres o apellidos de los usuarios ni de la direcci\u00f3n postal desde donde se conectan. La informaci\u00f3n que obtiene est\u00e1 relacionada, por ejemplo, con el n\u00famero de p\u00e1ginas vistas, el idioma, red social en la que se publican nuestras noticias, la ciudad a la que est\u00e1 asignada la direcci\u00f3n IP desde la que acceden los usuarios, el n\u00famero de usuarios que nos visitan, la frecuencia y reincidencia de las visitas, el tiempo de visita, el navegador que usan, el operador o tipo de terminal desde el que se realiza la visita.<\/p>\n<p>Para permitir, conocer, bloquear o eliminar las cookies instaladas en su equipo, puede hacerlo mediante la configuraci\u00f3n de las opciones del navegador instalado en su ordenador. Puede encontrar informaci\u00f3n sobre c\u00f3mo hacerlo dependiendo de su navegador:<\/p>\n<p>Firefox desde aqu\u00ed:<br \/>\n<a href=\"http:\/\/support.mozilla.org\/es\/kb\/cookies-informacion-que-los-sitios-web-guardan-en-\">http:\/\/support.mozilla.org\/es\/kb\/cookies-informacion-que-los-sitios-web-guardan-en-<\/a><\/p>\n<p>Chrome desde aqu\u00ed:<br \/>\n<a href=\"http:\/\/support.google.com\/chrome\/bin\/answer.py?hl=es&amp;answer=95647\">http:\/\/support.google.com\/chrome\/bin\/answer.py?hl=es&amp;answer=95647<\/a><\/p>\n<p>Explorer desde aqu\u00ed:<br \/>\n<a href=\"http:\/\/windows.microsoft.com\/es-es\/windows7\/how-to-manage-cookies-in-internet-explorer-9\">http:\/\/windows.microsoft.com\/es-es\/windows7\/how-to-manage-cookies-in-internet-explorer-9<\/a><\/p>\n<p>Safari desde aqu\u00ed:<br \/>\n<a href=\"http:\/\/support.apple.com\/kb\/ph5042\">http:\/\/support.apple.com\/kb\/ph5042<\/a><\/p>\n<p>Actualizaciones y cambios en la pol\u00edtica de cookies.<br \/>\nPEMEBLA, S.L. se reserva el derecho a introducir modificaciones en esta Pol\u00edtica de Cookies, por ello se aconseja a los Usuarios que la visiten peri\u00f3dicamente.<\/p>\n<p>Cuando se produzcan cambios significativos en esta Pol\u00edtica de Cookies, se comunicar\u00e1n a los Usuarios para su aceptaci\u00f3n mediante avisos en el Portal o a trav\u00e9s de correo electr\u00f3nico o bien trav\u00e9s de cualquier otro procedimiento adecuado seg\u00fan las circunstancias.<\/p>\n<p>Si tiene dudas sobre esta Pol\u00edtica de Cookies, puede contactar con nosotros en este correo electr\u00f3nico: <a href=\"mailto:info@pemebla.com\">info@pemebla.com<\/a>.<\/p>\n<p><strong>Cookies utilizadas en www.pemebla.com<\/strong><\/p>\n<p>A continuaci\u00f3n se identifican las cookies que est\u00e1n siendo utilizadas en este portal, as\u00ed como su tipolog\u00eda y funci\u00f3n:<\/p>\n<p>OAID<\/p>\n<ul>\n<li>Duraci\u00f3n: 1 a\u00f1o<\/li>\n<li>Descripci\u00f3n: Asociado a la plataforma de publicidad de banners OpenX para editores. Registra si se han mostrado anuncios espec\u00edficos. Seg\u00fan se informa, se usa solo para el rendimiento en lugar de la orientaci\u00f3n del usuario. Como cookie propia, no se puede utilizar para realizar un seguimiento entre dominios. Abrir en el Traductor de Google.<\/li>\n<li>Tipo: Tercero<\/li>\n<li>Finalidad: Anal\u00edtica<\/li>\n<\/ul>\n<p>MC<\/p>\n<ul>\n<li>Duraci\u00f3n: 1 a\u00f1o 1 mes<\/li>\n<li>Descripci\u00f3n: Esta cookie generalmente la proporciona Quantserve para rastrear informaci\u00f3n an\u00f3nima sobre c\u00f3mo los visitantes del sitio web usan el sitio.<\/li>\n<li>Tipo: Tercero<\/li>\n<li>Finalidad: Anal\u00edtica<\/li>\n<\/ul>\n<p>iutk<\/p>\n<ul>\n<li>Duraci\u00f3n: 6 meses<\/li>\n<li>Descripci\u00f3n: Reconoce el dispositivo del usuario y qu\u00e9 documentos de Issuu se han le\u00eddo.<\/li>\n<li>Tipo: Tercero<\/li>\n<li>Finalidad: Anal\u00edtica<\/li>\n<\/ul>\n<p>_ga<\/p>\n<ul>\n<li>Duraci\u00f3n: 2 a\u00f1os<\/li>\n<li>Descripci\u00f3n: Sirve para distinguir a los usuarios. Generada por Google Analytics. Google almacena la informaci\u00f3n recogida por las cookies en servidores ubicados en Estados Unidos, cumpliendo con la legislaci\u00f3n Europea en cuanto a protecci\u00f3n de datos personales y se compromete a no compartirla con terceros, excepto cuando la ley le obligue a ello o sea necesario para el funcionamiento del sistema. Google no asocia su direcci\u00f3n IP con ninguna otra informaci\u00f3n que tenga. Si desea obtener m\u00e1s informaci\u00f3n acerca de las cookies usadas por Google Analytics, por favor acceda a esta direcci\u00f3n: https:\/\/developers.google.com\/analytics\/devguides\/collection\/analyticsjs\/cookie-usage?hl=es&amp;csw=1<\/li>\n<li>Tipo: Tercero<\/li>\n<li>Finalidad: Anal\u00edtica<\/li>\n<\/ul>\n<p>_gat<\/p>\n<ul>\n<li>Duraci\u00f3n: 1 minuto<\/li>\n<li>Descripci\u00f3n: Utilizada para mostrar nuestra publicidad en otras p\u00e1ginas de la red de Google. Generada por Google Analytics. Google almacena la informaci\u00f3n recogida por las cookies en servidores ubicados en Estados Unidos, cumpliendo con la legislaci\u00f3n Europea en cuanto a protecci\u00f3n de datos personales y se compromete a no compartirla con terceros, excepto cuando la ley le obligue a ello o sea necesario para el funcionamiento del sistema. Google no asocia su direcci\u00f3n IP con ninguna otra informaci\u00f3n que tenga. Si desea obtener m\u00e1s informaci\u00f3n acerca de las cookies usadas por Google Analytics, por favor acceda a esta direcci\u00f3n: https:\/\/developers.google.com\/analytics\/devguides\/collection\/analyticsjs\/cookie-usage?hl=es&amp;csw=1<\/li>\n<li>Tipo: Tercero<\/li>\n<li>Finalidad: Publicidad comportamental<\/li>\n<\/ul>\n<p>_gid<\/p>\n<ul>\n<li>Duraci\u00f3n: 24 horas<\/li>\n<li>Descripci\u00f3n: Generada por Google Analytics. Google almacena la informaci\u00f3n recogida por las cookies en servidores ubicados en Estados Unidos, cumpliendo con la legislaci\u00f3n Europea en cuanto a protecci\u00f3n de datos personales y se compromete a no compartirla con terceros, excepto cuando la ley le obligue a ello o sea necesario para el funcionamiento del sistema. Google no asocia su direcci\u00f3n IP con ninguna otra informaci\u00f3n que tenga. Si desea obtener m\u00e1s informaci\u00f3n acerca de las cookies usadas por Google Analytics, por favor acceda a esta direcci\u00f3n: https:\/\/developers.google.com\/analytics\/devguides\/collection\/analyticsjs\/cookie-usage?hl=es&amp;csw<\/li>\n<li>Tipo: Tercero<\/li>\n<li>Finalidad: Publicidad comportamental<\/li>\n<\/ul>\n<p>VISITOR_INFO1_LIVE<\/p>\n<ul>\n<li>Duraci\u00f3n: 8 meses<\/li>\n<li>Descripci\u00f3n: En algunas p\u00e1ginas de nuestro Sitio Web tenemos v\u00eddeos incrustados de YouTube, es un servicio de Google. Su uso implica la remisi\u00f3n de esta cookie adem\u00e1s de las cookies que Google requiere si mantiene la sesi\u00f3n activa con su cuenta, con el prop\u00f3sito de visualizar los v\u00eddeos incrustados, estimar el ancho de banda y mostrar cuantas veces se ha reproducido.<\/li>\n<li>Tipo: Tercero<\/li>\n<li>Finalidad: Anal\u00edtica<\/li>\n<\/ul>\n<p>YSC<\/p>\n<ul>\n<li>Duraci\u00f3n: Al cerrar sesi\u00f3n<\/li>\n<li>Descripci\u00f3n: En algunas p\u00e1ginas de nuestro Sitio Web tenemos v\u00eddeos incrustados de YouTube, es un servicio de Google. Su uso implica la remisi\u00f3n de esta cookie adem\u00e1s de las cookies que Google requiere si mantiene la sesi\u00f3n activa con su cuenta, con el prop\u00f3sito de visualizar los v\u00eddeos incrustados, estimar el ancho de banda y mostrar cuantas veces se ha reproducido.<\/li>\n<li>Tipo: Tercero<\/li>\n<li>Finalidad: Anal\u00edtica<\/li>\n<\/ul>\n<p>phpsessid<\/p>\n<ul>\n<li>Duraci\u00f3n: Finaliza al cerrar el navegador<\/li>\n<li>Descripci\u00f3n: Establecer la sesi\u00f3n del usuario que visita el sitio. Se utiliza para identificar y gestionar el estado y valor de las variables de sesi\u00f3n de un usuario particular, trasladando dicha informaci\u00f3n por el sitio web.<\/li>\n<li>Tipo: Tercero<\/li>\n<li>Finalidad: T\u00e9cnica<\/li>\n<\/ul>\n<p>www.pemebla.com muestra informaci\u00f3n sobre su Pol\u00edtica de cookies en la parte inferior de cualquier p\u00e1gina del portal con cada inicio de sesi\u00f3n.<\/p>\n<p>Ante esta informaci\u00f3n es posible llevar a cabo las siguientes acciones:<\/p>\n<ul>\n<li>Aceptar cookies: No se volver\u00e1 a visualizar este aviso al acceder a cualquier p\u00e1gina del portal durante la presente sesi\u00f3n.<\/li>\n<li>Modificar\/personalizar su configuraci\u00f3n: Podr\u00e1 obtener m\u00e1s informaci\u00f3n sobre qu\u00e9 son las cookies, conocer la Pol\u00edtica de cookies de: www.pemebla.com y modificar la configuraci\u00f3n de su navegador.<\/li>\n<\/ul>\n<p>&nbsp;<\/p>\n","protected":false},"excerpt":{"rendered":"<p>\u00bfQu\u00e9 son las cookies? Las cookies son un fichero que se descarga en su ordenador al acceder a determinadas p\u00e1ginas&nbsp;<\/p>\n","protected":false},"author":1,"featured_media":0,"parent":0,"menu_order":0,"comment_status":"closed","ping_status":"closed","template":"","meta":{"_acf_changed":false,"inline_featured_image":false,"footnotes":""},"class_list":["post-524","page","type-page","status-publish","hentry"],"acf":[],"yoast_head":"<!-- This site is optimized with the Yoast SEO plugin v27.5 - https:\/\/yoast.com\/product\/yoast-seo-wordpress\/ -->\n<title>Pol\u00edtica de cookies - Pemebla<\/title>\n<meta name=\"robots\" content=\"noindex, follow\" \/>\n<meta property=\"og:locale\" content=\"es_ES\" \/>\n<meta property=\"og:type\" content=\"article\" \/>\n<meta property=\"og:title\" content=\"Pol\u00edtica de cookies - Pemebla\" \/>\n<meta property=\"og:description\" content=\"\u00bfQu\u00e9 son las cookies? Las cookies son un fichero que se descarga en su ordenador al acceder a determinadas p\u00e1ginas&nbsp;\" \/>\n<meta property=\"og:url\" content=\"https:\/\/pemebla.com\/?page_id=524\" \/>\n<meta property=\"og:site_name\" content=\"Pemebla\" \/>\n<meta property=\"article:modified_time\" content=\"2024-02-28T09:00:30+00:00\" \/>\n<meta name=\"twitter:card\" content=\"summary_large_image\" \/>\n<meta name=\"twitter:label1\" content=\"Tiempo de lectura\" \/>\n\t<meta name=\"twitter:data1\" content=\"7 minutos\" \/>\n<script type=\"application\/ld+json\" class=\"yoast-schema-graph\">{\"@context\":\"https:\\\/\\\/schema.org\",\"@graph\":[{\"@type\":\"WebPage\",\"@id\":\"https:\\\/\\\/pemebla.com\\\/?page_id=524\",\"url\":\"https:\\\/\\\/pemebla.com\\\/?page_id=524\",\"name\":\"Pol\u00edtica de cookies - Pemebla\",\"isPartOf\":{\"@id\":\"https:\\\/\\\/pemebla.com\\\/#website\"},\"datePublished\":\"2023-04-18T14:28:55+00:00\",\"dateModified\":\"2024-02-28T09:00:30+00:00\",\"inLanguage\":\"es\",\"potentialAction\":[{\"@type\":\"ReadAction\",\"target\":[\"https:\\\/\\\/pemebla.com\\\/?page_id=524\"]}]},{\"@type\":\"WebSite\",\"@id\":\"https:\\\/\\\/pemebla.com\\\/#website\",\"url\":\"https:\\\/\\\/pemebla.com\\\/\",\"name\":\"Pemebla\",\"description\":\"\",\"potentialAction\":[{\"@type\":\"SearchAction\",\"target\":{\"@type\":\"EntryPoint\",\"urlTemplate\":\"https:\\\/\\\/pemebla.com\\\/?s={search_term_string}\"},\"query-input\":{\"@type\":\"PropertyValueSpecification\",\"valueRequired\":true,\"valueName\":\"search_term_string\"}}],\"inLanguage\":\"es\"}]}<\/script>\n<!-- \/ Yoast SEO plugin. -->","yoast_head_json":{"title":"Pol\u00edtica de cookies - Pemebla","robots":{"index":"noindex","follow":"follow"},"og_locale":"es_ES","og_type":"article","og_title":"Pol\u00edtica de cookies - Pemebla","og_description":"\u00bfQu\u00e9 son las cookies? Las cookies son un fichero que se descarga en su ordenador al acceder a determinadas p\u00e1ginas&nbsp;","og_url":"https:\/\/pemebla.com\/?page_id=524","og_site_name":"Pemebla","article_modified_time":"2024-02-28T09:00:30+00:00","twitter_card":"summary_large_image","twitter_misc":{"Tiempo de lectura":"7 minutos"},"schema":{"@context":"https:\/\/schema.org","@graph":[{"@type":"WebPage","@id":"https:\/\/pemebla.com\/?page_id=524","url":"https:\/\/pemebla.com\/?page_id=524","name":"Pol\u00edtica de cookies - Pemebla","isPartOf":{"@id":"https:\/\/pemebla.com\/#website"},"datePublished":"2023-04-18T14:28:55+00:00","dateModified":"2024-02-28T09:00:30+00:00","inLanguage":"es","potentialAction":[{"@type":"ReadAction","target":["https:\/\/pemebla.com\/?page_id=524"]}]},{"@type":"WebSite","@id":"https:\/\/pemebla.com\/#website","url":"https:\/\/pemebla.com\/","name":"Pemebla","description":"","potentialAction":[{"@type":"SearchAction","target":{"@type":"EntryPoint","urlTemplate":"https:\/\/pemebla.com\/?s={search_term_string}"},"query-input":{"@type":"PropertyValueSpecification","valueRequired":true,"valueName":"search_term_string"}}],"inLanguage":"es"}]}},"_links":{"self":[{"href":"https:\/\/pemebla.com\/index.php?rest_route=\/wp\/v2\/pages\/524","targetHints":{"allow":["GET"]}}],"collection":[{"href":"https:\/\/pemebla.com\/index.php?rest_route=\/wp\/v2\/pages"}],"about":[{"href":"https:\/\/pemebla.com\/index.php?rest_route=\/wp\/v2\/types\/page"}],"author":[{"embeddable":true,"href":"https:\/\/pemebla.com\/index.php?rest_route=\/wp\/v2\/users\/1"}],"replies":[{"embeddable":true,"href":"https:\/\/pemebla.com\/index.php?rest_route=%2Fwp%2Fv2%2Fcomments&post=524"}],"version-history":[{"count":3,"href":"https:\/\/pemebla.com\/index.php?rest_route=\/wp\/v2\/pages\/524\/revisions"}],"predecessor-version":[{"id":1976,"href":"https:\/\/pemebla.com\/index.php?rest_route=\/wp\/v2\/pages\/524\/revisions\/1976"}],"wp:attachment":[{"href":"https:\/\/pemebla.com\/index.php?rest_route=%2Fwp%2Fv2%2Fmedia&parent=524"}],"curies":[{"name":"wp","href":"https:\/\/api.w.org\/{rel}","templated":true}]}}