{"id":629,"date":"2023-04-20T08:06:31","date_gmt":"2023-04-20T08:06:31","guid":{"rendered":"https:\/\/pemebla.com\/?page_id=629"},"modified":"2025-05-07T11:44:02","modified_gmt":"2025-05-07T11:44:02","slug":"mayorista-recambios-daewoo","status":"publish","type":"page","link":"https:\/\/pemebla.com\/?page_id=629","title":{"rendered":"Daewoo"},"content":{"rendered":"","protected":false},"excerpt":{"rendered":"","protected":false},"author":1,"featured_media":762,"parent":0,"menu_order":0,"comment_status":"closed","ping_status":"closed","template":"page-marca.php","meta":{"_acf_changed":false,"inline_featured_image":false,"footnotes":""},"class_list":["post-629","page","type-page","status-publish","has-post-thumbnail","hentry"],"acf":[],"yoast_head":"<!-- This site is optimized with the Yoast SEO plugin v27.5 - https:\/\/yoast.com\/product\/yoast-seo-wordpress\/ -->\n<title>\u1455\u2776\u1450 Mayorista de recambios para coches Daewoo | PEMEBLA<\/title>\n<meta name=\"description\" content=\"En PEMEBLA encontrar\u00e1s una gran variedad recambios para coches Daewoo. Somos mayoristas de recambios para veh\u00edculos asi\u00e1ticos. \u00a1Entra ahora!\" \/>\n<meta name=\"robots\" content=\"index, follow, max-snippet:-1, max-image-preview:large, max-video-preview:-1\" \/>\n<link rel=\"canonical\" href=\"https:\/\/pemebla.com\/?page_id=629\" \/>\n<meta property=\"og:locale\" content=\"es_ES\" \/>\n<meta property=\"og:type\" content=\"article\" \/>\n<meta property=\"og:title\" content=\"\u1455\u2776\u1450 Mayorista de recambios para coches Daewoo | PEMEBLA\" \/>\n<meta property=\"og:description\" content=\"En PEMEBLA encontrar\u00e1s una gran variedad recambios para coches Daewoo. Somos mayoristas de recambios para veh\u00edculos asi\u00e1ticos. \u00a1Entra ahora!\" \/>\n<meta property=\"og:url\" content=\"https:\/\/pemebla.com\/?page_id=629\" \/>\n<meta property=\"og:site_name\" content=\"Pemebla\" \/>\n<meta property=\"article:modified_time\" content=\"2025-05-07T11:44:02+00:00\" \/>\n<meta property=\"og:image\" content=\"https:\/\/pemebla.com\/wp-content\/uploads\/2023\/04\/alessio-lin-2n1SciGY5dI-unsplash.jpg\" \/>\n\t<meta property=\"og:image:width\" content=\"640\" \/>\n\t<meta property=\"og:image:height\" content=\"960\" \/>\n\t<meta property=\"og:image:type\" content=\"image\/jpeg\" \/>\n<meta name=\"twitter:card\" content=\"summary_large_image\" \/>\n<script type=\"application\/ld+json\" class=\"yoast-schema-graph\">{\"@context\":\"https:\\\/\\\/schema.org\",\"@graph\":[{\"@type\":\"WebPage\",\"@id\":\"https:\\\/\\\/pemebla.com\\\/?page_id=629\",\"url\":\"https:\\\/\\\/pemebla.com\\\/?page_id=629\",\"name\":\"\u1455\u2776\u1450 Mayorista de recambios para coches Daewoo | PEMEBLA\",\"isPartOf\":{\"@id\":\"https:\\\/\\\/pemebla.com\\\/#website\"},\"primaryImageOfPage\":{\"@id\":\"https:\\\/\\\/pemebla.com\\\/?page_id=629#primaryimage\"},\"image\":{\"@id\":\"https:\\\/\\\/pemebla.com\\\/?page_id=629#primaryimage\"},\"thumbnailUrl\":\"https:\\\/\\\/pemebla.com\\\/wp-content\\\/uploads\\\/2023\\\/04\\\/alessio-lin-2n1SciGY5dI-unsplash.jpg\",\"datePublished\":\"2023-04-20T08:06:31+00:00\",\"dateModified\":\"2025-05-07T11:44:02+00:00\",\"description\":\"En PEMEBLA encontrar\u00e1s una gran variedad recambios para coches Daewoo. Somos mayoristas de recambios para veh\u00edculos asi\u00e1ticos. \u00a1Entra ahora!\",\"inLanguage\":\"es\",\"potentialAction\":[{\"@type\":\"ReadAction\",\"target\":[\"https:\\\/\\\/pemebla.com\\\/?page_id=629\"]}]},{\"@type\":\"ImageObject\",\"inLanguage\":\"es\",\"@id\":\"https:\\\/\\\/pemebla.com\\\/?page_id=629#primaryimage\",\"url\":\"https:\\\/\\\/pemebla.com\\\/wp-content\\\/uploads\\\/2023\\\/04\\\/alessio-lin-2n1SciGY5dI-unsplash.jpg\",\"contentUrl\":\"https:\\\/\\\/pemebla.com\\\/wp-content\\\/uploads\\\/2023\\\/04\\\/alessio-lin-2n1SciGY5dI-unsplash.jpg\",\"width\":640,\"height\":960,\"caption\":\"Imagen del retrovisor de un coche Daewoo circulando por un t\u00fanel\"},{\"@type\":\"WebSite\",\"@id\":\"https:\\\/\\\/pemebla.com\\\/#website\",\"url\":\"https:\\\/\\\/pemebla.com\\\/\",\"name\":\"Pemebla\",\"description\":\"\",\"potentialAction\":[{\"@type\":\"SearchAction\",\"target\":{\"@type\":\"EntryPoint\",\"urlTemplate\":\"https:\\\/\\\/pemebla.com\\\/?s={search_term_string}\"},\"query-input\":{\"@type\":\"PropertyValueSpecification\",\"valueRequired\":true,\"valueName\":\"search_term_string\"}}],\"inLanguage\":\"es\"}]}<\/script>\n<!-- \/ Yoast SEO plugin. -->","yoast_head_json":{"title":"\u1455\u2776\u1450 Mayorista de recambios para coches Daewoo | PEMEBLA","description":"En PEMEBLA encontrar\u00e1s una gran variedad recambios para coches Daewoo. Somos mayoristas de recambios para veh\u00edculos asi\u00e1ticos. \u00a1Entra ahora!","robots":{"index":"index","follow":"follow","max-snippet":"max-snippet:-1","max-image-preview":"max-image-preview:large","max-video-preview":"max-video-preview:-1"},"canonical":"https:\/\/pemebla.com\/?page_id=629","og_locale":"es_ES","og_type":"article","og_title":"\u1455\u2776\u1450 Mayorista de recambios para coches Daewoo | PEMEBLA","og_description":"En PEMEBLA encontrar\u00e1s una gran variedad recambios para coches Daewoo. Somos mayoristas de recambios para veh\u00edculos asi\u00e1ticos. \u00a1Entra ahora!","og_url":"https:\/\/pemebla.com\/?page_id=629","og_site_name":"Pemebla","article_modified_time":"2025-05-07T11:44:02+00:00","og_image":[{"width":640,"height":960,"url":"https:\/\/pemebla.com\/wp-content\/uploads\/2023\/04\/alessio-lin-2n1SciGY5dI-unsplash.jpg","type":"image\/jpeg"}],"twitter_card":"summary_large_image","schema":{"@context":"https:\/\/schema.org","@graph":[{"@type":"WebPage","@id":"https:\/\/pemebla.com\/?page_id=629","url":"https:\/\/pemebla.com\/?page_id=629","name":"\u1455\u2776\u1450 Mayorista de recambios para coches Daewoo | PEMEBLA","isPartOf":{"@id":"https:\/\/pemebla.com\/#website"},"primaryImageOfPage":{"@id":"https:\/\/pemebla.com\/?page_id=629#primaryimage"},"image":{"@id":"https:\/\/pemebla.com\/?page_id=629#primaryimage"},"thumbnailUrl":"https:\/\/pemebla.com\/wp-content\/uploads\/2023\/04\/alessio-lin-2n1SciGY5dI-unsplash.jpg","datePublished":"2023-04-20T08:06:31+00:00","dateModified":"2025-05-07T11:44:02+00:00","description":"En PEMEBLA encontrar\u00e1s una gran variedad recambios para coches Daewoo. Somos mayoristas de recambios para veh\u00edculos asi\u00e1ticos. \u00a1Entra ahora!","inLanguage":"es","potentialAction":[{"@type":"ReadAction","target":["https:\/\/pemebla.com\/?page_id=629"]}]},{"@type":"ImageObject","inLanguage":"es","@id":"https:\/\/pemebla.com\/?page_id=629#primaryimage","url":"https:\/\/pemebla.com\/wp-content\/uploads\/2023\/04\/alessio-lin-2n1SciGY5dI-unsplash.jpg","contentUrl":"https:\/\/pemebla.com\/wp-content\/uploads\/2023\/04\/alessio-lin-2n1SciGY5dI-unsplash.jpg","width":640,"height":960,"caption":"Imagen del retrovisor de un coche Daewoo circulando por un t\u00fanel"},{"@type":"WebSite","@id":"https:\/\/pemebla.com\/#website","url":"https:\/\/pemebla.com\/","name":"Pemebla","description":"","potentialAction":[{"@type":"SearchAction","target":{"@type":"EntryPoint","urlTemplate":"https:\/\/pemebla.com\/?s={search_term_string}"},"query-input":{"@type":"PropertyValueSpecification","valueRequired":true,"valueName":"search_term_string"}}],"inLanguage":"es"}]}},"_links":{"self":[{"href":"https:\/\/pemebla.com\/index.php?rest_route=\/wp\/v2\/pages\/629","targetHints":{"allow":["GET"]}}],"collection":[{"href":"https:\/\/pemebla.com\/index.php?rest_route=\/wp\/v2\/pages"}],"about":[{"href":"https:\/\/pemebla.com\/index.php?rest_route=\/wp\/v2\/types\/page"}],"author":[{"embeddable":true,"href":"https:\/\/pemebla.com\/index.php?rest_route=\/wp\/v2\/users\/1"}],"replies":[{"embeddable":true,"href":"https:\/\/pemebla.com\/index.php?rest_route=%2Fwp%2Fv2%2Fcomments&post=629"}],"version-history":[{"count":25,"href":"https:\/\/pemebla.com\/index.php?rest_route=\/wp\/v2\/pages\/629\/revisions"}],"predecessor-version":[{"id":2762,"href":"https:\/\/pemebla.com\/index.php?rest_route=\/wp\/v2\/pages\/629\/revisions\/2762"}],"wp:featuredmedia":[{"embeddable":true,"href":"https:\/\/pemebla.com\/index.php?rest_route=\/wp\/v2\/media\/762"}],"wp:attachment":[{"href":"https:\/\/pemebla.com\/index.php?rest_route=%2Fwp%2Fv2%2Fmedia&parent=629"}],"curies":[{"name":"wp","href":"https:\/\/api.w.org\/{rel}","templated":true}]}}